{"id":1277,"date":"2015-12-29T11:06:07","date_gmt":"2015-12-29T09:06:07","guid":{"rendered":"http:\/\/www.feuerwehr-hetlingen.de\/Blog\/?page_id=1277"},"modified":"2025-12-30T21:06:04","modified_gmt":"2025-12-30T19:06:04","slug":"sicherheit-zu-silvester","status":"publish","type":"page","link":"https:\/\/www.feuerwehr-hetlingen.de\/Blog\/?page_id=1277","title":{"rendered":"Sicherheit zum Jahreswechsel"},"content":{"rendered":"\n<h3 class=\"wp-block-heading\">Bitte beachten Sie das Feuerwerksverbot der Gemeinde Hetlingen<\/h3>\n\n\n\n<figure class=\"wp-block-image size-full\"><img decoding=\"async\" src=\"https:\/\/www.feuerwehr-hetlingen.de\/Blog\/wp-content\/uploads\/2015\/12\/2015_Silvester_Abbrennverbot.jpg\" alt=\"\" class=\"wp-image-1278\"\/><\/figure>\n\n\n\n<p>Die Gemeinde Hetlingen hat, wie in jedem Jahr, ein Abbrennverbot f\u00fcr bestimmte Feuerwerksk\u00f6rper erlassen. Dies dient besonders dem Schutz der&nbsp;reetgedeckten Geb\u00e4ude in der Gemeinde. Reetd\u00e4cher k\u00f6nnen sich durch Raketen sehr leicht entz\u00fcnden.<\/p>\n\n\n\n<p>Hier finden Sie weitere Sicherheitshinweise f\u00fcr einen sicheren Jahreswechsel<\/p>\n\n\n\n<h3 class=\"wp-block-heading\">Vorbereitung<\/h3>\n\n\n\n<ul class=\"wp-block-list\">\n<li>T\u00fcren und Fenster sollten geschlossen bleiben, damit sich kein Feuerwerk hinein verirren kann<\/li>\n\n\n\n<li>M\u00fclltonnen sollten geschlossen und sicher verwahrt sein<\/li>\n\n\n\n<li>Das Auto sollte sicher untergebracht sein, am besten in einer Garage. <\/li>\n<\/ul>\n\n\n\n<h3 class=\"wp-block-heading\">Silvesternacht<\/h3>\n\n\n\n<ul class=\"wp-block-list\">\n<li>B\u00f6llern ist nur zwischen 18 Uhr am 31.12. und 6 Uhr am 01.01. erlaubt. <\/li>\n\n\n\n<li>Feuerwerk und Raketen geh\u00f6ren nicht in Kinderh\u00e4nde. Geeignete Feuerwerksartikel d\u00fcrfen nur gemeinsam mit Erwachsenen gez\u00fcndet werden.<\/li>\n\n\n\n<li>Grunds\u00e4tzlich sind Raketen, B\u00f6ller und Font\u00e4nen nur im Freien zu verwenden. Beachten Sie die Gebrauchsanweisung und halten Sie gen\u00fcgend Abstand zu Menschen, Tieren, H\u00e4usern, M\u00fclltonnen und H\u00e4usern. Reetdachh\u00e4user erfordern einen sehr gro\u00dfen Abstand, besonders bei starkem Wind.<\/li>\n\n\n\n<li>Achten Sie schon beim Kauf von Feuerwerk auf die amtlichen &#8222;BAM&#8220;-Pr\u00fcfzeichen (BAM = Bundesanstalt f\u00fcr Materialpr\u00fcfung). Nur zugelassenes Feuerwerk ist bei sachgem\u00e4\u00dfer Handhabung sicher. Nicht kontrolliertes oder zugelassenes Feuerwerk verursacht in jedem Jahr schwerste Verletzungen.<\/li>\n\n\n\n<li>Raketen werden senkrecht in den Himmel geschossen. Eine stabile Startrampe sind gef\u00fcllte Getr\u00e4nkeflaschen oder ein Eimer mit Sand. Ein Start aus der Hand kann zu schweren Verletzungen f\u00fchren. <\/li>\n\n\n\n<li>B\u00f6ller und anderes Feuerwerk werden auf dem Boden liegend bzw. stehend angez\u00fcndet. Danach den Bereich schnell verlassen. Auf keinen Fall werden B\u00f6ller in Richtung von Menschen oder Tieren geworfen. &#8222;Blindg\u00e4nger&#8220; werden entsorgt und nicht nochmal angez\u00fcndet. <\/li>\n\n\n\n<li>Fahren Sie mit dem Auto zwischen 23.30 und 1 Uhr nur, wenn es unvermeidbar ist. Fahren Sie langsam und halten Sie die Fenster geschlossen. Weichen Sie &#8222;Feuerwerkern&#8220; auf der Stra\u00dfe aus und halten Sie falls n\u00f6tig an.<\/li>\n<\/ul>\n\n\n\n<p>Bei einem Brand oder einem Unfall immer sofort die Feuerwehr und den Rettungsdienst \u00fcber den Telefonnotruf <strong>112<\/strong> benachrichtigen.<\/p>\n","protected":false},"excerpt":{"rendered":"<p>Bitte beachten Sie das Feuerwerksverbot der Gemeinde Hetlingen Die Gemeinde Hetlingen hat, wie in jedem Jahr, ein Abbrennverbot f\u00fcr bestimmte Feuerwerksk\u00f6rper erlassen. Dies dient besonders&#8230; <a class=\"continue-reading-link\" href=\"https:\/\/www.feuerwehr-hetlingen.de\/Blog\/?page_id=1277\">Mehr<\/a><\/p>\n","protected":false},"author":1,"featured_media":4084,"parent":0,"menu_order":0,"comment_status":"closed","ping_status":"closed","template":"","meta":{"footnotes":""},"class_list":["post-1277","page","type-page","status-publish","has-post-thumbnail","hentry"],"_links":{"self":[{"href":"https:\/\/www.feuerwehr-hetlingen.de\/Blog\/index.php?rest_route=\/wp\/v2\/pages\/1277","targetHints":{"allow":["GET"]}}],"collection":[{"href":"https:\/\/www.feuerwehr-hetlingen.de\/Blog\/index.php?rest_route=\/wp\/v2\/pages"}],"about":[{"href":"https:\/\/www.feuerwehr-hetlingen.de\/Blog\/index.php?rest_route=\/wp\/v2\/types\/page"}],"author":[{"embeddable":true,"href":"https:\/\/www.feuerwehr-hetlingen.de\/Blog\/index.php?rest_route=\/wp\/v2\/users\/1"}],"replies":[{"embeddable":true,"href":"https:\/\/www.feuerwehr-hetlingen.de\/Blog\/index.php?rest_route=%2Fwp%2Fv2%2Fcomments&post=1277"}],"version-history":[{"count":8,"href":"https:\/\/www.feuerwehr-hetlingen.de\/Blog\/index.php?rest_route=\/wp\/v2\/pages\/1277\/revisions"}],"predecessor-version":[{"id":3873,"href":"https:\/\/www.feuerwehr-hetlingen.de\/Blog\/index.php?rest_route=\/wp\/v2\/pages\/1277\/revisions\/3873"}],"wp:featuredmedia":[{"embeddable":true,"href":"https:\/\/www.feuerwehr-hetlingen.de\/Blog\/index.php?rest_route=\/wp\/v2\/media\/4084"}],"wp:attachment":[{"href":"https:\/\/www.feuerwehr-hetlingen.de\/Blog\/index.php?rest_route=%2Fwp%2Fv2%2Fmedia&parent=1277"}],"curies":[{"name":"wp","href":"https:\/\/api.w.org\/{rel}","templated":true}]}}