{"id":170,"date":"2007-07-28T15:29:03","date_gmt":"2007-07-28T14:29:03","guid":{"rendered":"http:\/\/www.feuerwehr-hetlingen.de\/Blog\/?page_id=170"},"modified":"2023-04-08T14:18:02","modified_gmt":"2023-04-08T12:18:02","slug":"dienstgrade","status":"publish","type":"page","link":"https:\/\/www.feuerwehr-hetlingen.de\/Blog\/?page_id=170","title":{"rendered":"Dienstgrade"},"content":{"rendered":"\n<p>Die Dienstgrade der Freiwilligen Feuerwehren in Schleswig-Holstein (Bild links) werden abh\u00e4ngig von Qualifikation, Funktion und Dienstzeit vergeben. Dienstgrade bis zum L\u00f6schmeister werden von der Gemeindewehrf\u00fchrung vergeben. Dabei werden die Grundausbildung (Truppmann Teil 1 + 2), Truppf\u00fchrung und verschiedene technische Ausbildungen (Funk, Atemschutz, Maschinist) durchlaufen. Diese Lehrg\u00e4nge finden in der feuerwehrtechnischen Zentrale des Kreises Pinneberg in Ahrenlohe statt.<\/p>\n\n\n\n<p>Die F\u00fchrungskr\u00e4fte ab dem Oberl\u00f6schmeister absolvieren auf der Landesfeuerwehrschule zus\u00e4tzliche Lehrg\u00e4nge (Bild rechts) in der Gruppenf\u00fchrung und\/oder Zugf\u00fchrung, dem Leiten einer Feuerwehr oder weitere Fachausbildungen (ABC-Einsatz, Ger\u00e4te- und Jugendwarte, Kreisausbildung) und werden durch den Kreisfeuerwehrverband bef\u00f6rdert. <\/p>\n\n\n\n<figure class=\"wp-block-image size-large\"><a href=\"https:\/\/www.feuerwehr-hetlingen.de\/Blog\/wp-content\/uploads\/2023\/04\/ff-dienstausbildung-scaled.jpg\"><img loading=\"lazy\" decoding=\"async\" width=\"991\" height=\"1024\" src=\"https:\/\/www.feuerwehr-hetlingen.de\/Blog\/wp-content\/uploads\/2023\/04\/ff-dienstausbildung-991x1024.jpg\" alt=\"\" class=\"wp-image-3433\" srcset=\"https:\/\/www.feuerwehr-hetlingen.de\/Blog\/wp-content\/uploads\/2023\/04\/ff-dienstausbildung-991x1024.jpg 991w, https:\/\/www.feuerwehr-hetlingen.de\/Blog\/wp-content\/uploads\/2023\/04\/ff-dienstausbildung-290x300.jpg 290w, https:\/\/www.feuerwehr-hetlingen.de\/Blog\/wp-content\/uploads\/2023\/04\/ff-dienstausbildung-768x793.jpg 768w, https:\/\/www.feuerwehr-hetlingen.de\/Blog\/wp-content\/uploads\/2023\/04\/ff-dienstausbildung-1487x1536.jpg 1487w, https:\/\/www.feuerwehr-hetlingen.de\/Blog\/wp-content\/uploads\/2023\/04\/ff-dienstausbildung-1982x2048.jpg 1982w, https:\/\/www.feuerwehr-hetlingen.de\/Blog\/wp-content\/uploads\/2023\/04\/ff-dienstausbildung-339x350.jpg 339w, https:\/\/www.feuerwehr-hetlingen.de\/Blog\/wp-content\/uploads\/2023\/04\/ff-dienstausbildung-145x150.jpg 145w\" sizes=\"auto, (max-width: 991px) 100vw, 991px\" \/><\/a><figcaption class=\"wp-element-caption\">Quelle: Landesfeuerwehrschule Schleswig-Holstein<\/figcaption><\/figure>\n","protected":false},"excerpt":{"rendered":"<p>Die Dienstgrade der Freiwilligen Feuerwehren in Schleswig-Holstein (Bild links) werden abh\u00e4ngig von Qualifikation, Funktion und Dienstzeit vergeben. Dienstgrade bis zum L\u00f6schmeister werden von der Gemeindewehrf\u00fchrung&#8230; <a class=\"continue-reading-link\" href=\"https:\/\/www.feuerwehr-hetlingen.de\/Blog\/?page_id=170\">Mehr<\/a><\/p>\n","protected":false},"author":1,"featured_media":0,"parent":237,"menu_order":3,"comment_status":"open","ping_status":"open","template":"","meta":{"footnotes":""},"class_list":["post-170","page","type-page","status-publish","hentry"],"_links":{"self":[{"href":"https:\/\/www.feuerwehr-hetlingen.de\/Blog\/index.php?rest_route=\/wp\/v2\/pages\/170","targetHints":{"allow":["GET"]}}],"collection":[{"href":"https:\/\/www.feuerwehr-hetlingen.de\/Blog\/index.php?rest_route=\/wp\/v2\/pages"}],"about":[{"href":"https:\/\/www.feuerwehr-hetlingen.de\/Blog\/index.php?rest_route=\/wp\/v2\/types\/page"}],"author":[{"embeddable":true,"href":"https:\/\/www.feuerwehr-hetlingen.de\/Blog\/index.php?rest_route=\/wp\/v2\/users\/1"}],"replies":[{"embeddable":true,"href":"https:\/\/www.feuerwehr-hetlingen.de\/Blog\/index.php?rest_route=%2Fwp%2Fv2%2Fcomments&post=170"}],"version-history":[{"count":5,"href":"https:\/\/www.feuerwehr-hetlingen.de\/Blog\/index.php?rest_route=\/wp\/v2\/pages\/170\/revisions"}],"predecessor-version":[{"id":3434,"href":"https:\/\/www.feuerwehr-hetlingen.de\/Blog\/index.php?rest_route=\/wp\/v2\/pages\/170\/revisions\/3434"}],"up":[{"embeddable":true,"href":"https:\/\/www.feuerwehr-hetlingen.de\/Blog\/index.php?rest_route=\/wp\/v2\/pages\/237"}],"wp:attachment":[{"href":"https:\/\/www.feuerwehr-hetlingen.de\/Blog\/index.php?rest_route=%2Fwp%2Fv2%2Fmedia&parent=170"}],"curies":[{"name":"wp","href":"https:\/\/api.w.org\/{rel}","templated":true}]}}