{"id":235,"date":"2008-10-26T11:54:12","date_gmt":"2008-10-26T09:54:12","guid":{"rendered":"http:\/\/www.feuerwehr-hetlingen.de\/Blog\/?page_id=235"},"modified":"2022-07-03T09:29:08","modified_gmt":"2022-07-03T07:29:08","slug":"forderndes-mitglied","status":"publish","type":"page","link":"https:\/\/www.feuerwehr-hetlingen.de\/Blog\/?page_id=235","title":{"rendered":"Wir suchen aktive und f\u00f6rdernde Mitglieder!"},"content":{"rendered":"<h4>Aktive Mitglieder<\/h4>\n<p><a href=\"http:\/\/www.feuerwehr-hetlingen.de\/Blog\/wp-content\/uploads\/2015\/12\/Mitgliederwerbung2016.jpg\"><img loading=\"lazy\" decoding=\"async\" class=\"alignleft size-medium wp-image-1165\" src=\"http:\/\/www.feuerwehr-hetlingen.de\/Blog\/wp-content\/uploads\/2015\/12\/Mitgliederwerbung2016-224x300.jpg\" alt=\"Mitgliederwerbung2016\" width=\"224\" height=\"300\" srcset=\"https:\/\/www.feuerwehr-hetlingen.de\/Blog\/wp-content\/uploads\/2015\/12\/Mitgliederwerbung2016-224x300.jpg 224w, https:\/\/www.feuerwehr-hetlingen.de\/Blog\/wp-content\/uploads\/2015\/12\/Mitgliederwerbung2016-764x1024.jpg 764w, https:\/\/www.feuerwehr-hetlingen.de\/Blog\/wp-content\/uploads\/2015\/12\/Mitgliederwerbung2016.jpg 836w\" sizes=\"auto, (max-width: 224px) 100vw, 224px\" \/><\/a><\/p>\n<p>Feuerwehr kennt jeder und jeder hat ein Bild dazu im Kopf, eine eigene Meinung. Feuerwehrfrauen und Feuerwehrm\u00e4nnern wird in Umfragen immer wieder ein hohes Vertrauen und Ansehen bescheinigt. Das Feuerwehr in Schleswig-Holstein zum gr\u00f6\u00dften Teil eine ehrenamtliche Leistung neben Familie und Beruf ist, die nicht nur private Zeit kostet, sondern auch Gefahr f\u00fcr das Leben beinhaltet, ist schon weniger B\u00fcrgern bewusst.<\/p>\n<p>Sicherheit und Hilfe bei Ungl\u00fccken k\u00f6nnen durch die Freiwilligen Feuerwehren nur mit dem pers\u00f6nlichen Einsatz von jedem ehrenamtlichen Mitglied geleistet werden. Dieses bew\u00e4hrte System ist in Gefahr, wenn es nicht gen\u00fcgend Menschen gibt, die sich bereit erkl\u00e4ren, f\u00fcr andere in h\u00f6chster Not da zu sein.<\/p>\n<p>Es gibt viele Gr\u00fcnde bei einer Freiwilligen Feuerwehr nicht mitzumachen- jeder hat sie schon mal geh\u00f6rt. Wir kennen sie alle. Aber: Wir geben nicht auf, mit guten Argumenten und Aktionen zu \u00fcberzeugen!<\/p>\n<p>Sprechen Sie uns an! Besuchen Sie unseren Tag der offenen T\u00fcr oder unseren Mitmachdienst!<\/p>\n<p style=\"clear: left;\">\n<h4>F\u00f6rdernde Mitglieder<\/h4>\n<p><a href=\"http:\/\/www.feuerwehr-hetlingen.de\/Blog\/wp-content\/uploads\/2015\/12\/Mitgliederwerbung.jpg\"><img loading=\"lazy\" decoding=\"async\" class=\"alignleft size-medium wp-image-1175\" src=\"http:\/\/www.feuerwehr-hetlingen.de\/Blog\/wp-content\/uploads\/2015\/12\/Mitgliederwerbung-300x195.jpg\" alt=\"Mitgliederwerbung\" width=\"300\" height=\"195\" srcset=\"https:\/\/www.feuerwehr-hetlingen.de\/Blog\/wp-content\/uploads\/2015\/12\/Mitgliederwerbung-300x195.jpg 300w, https:\/\/www.feuerwehr-hetlingen.de\/Blog\/wp-content\/uploads\/2015\/12\/Mitgliederwerbung-1024x666.jpg 1024w, https:\/\/www.feuerwehr-hetlingen.de\/Blog\/wp-content\/uploads\/2015\/12\/Mitgliederwerbung-231x150.jpg 231w, https:\/\/www.feuerwehr-hetlingen.de\/Blog\/wp-content\/uploads\/2015\/12\/Mitgliederwerbung-150x98.jpg 150w, https:\/\/www.feuerwehr-hetlingen.de\/Blog\/wp-content\/uploads\/2015\/12\/Mitgliederwerbung.jpg 1183w\" sizes=\"auto, (max-width: 300px) 100vw, 300px\" \/><\/a><\/p>\n<p>Was viele nicht wissen: Wir bekommen kein Geld f\u00fcr die Arbeit in der Feuerwehr &#8211; nicht einmal wenn wir Nachts raus m\u00fcssen. Mit einem Jahresbeitrag schon ab 7,50 EUR k\u00f6nnen Sie\u00a0 uns bei der Nachwuchsarbeit und bei der Ausbildung der Feuerwehrfrauen und -m\u00e4nner helfen. Das sind \u00a0<span style=\"text-decoration: underline;\">nicht einmal 63 Cent pro Monat<\/span>!<\/p>\n<p><strong>Unterst\u00fctzen Sie unsere Arbeit zum Wohle der Gemeinde Hetlingen.<\/strong><br \/>\n<a href=\"http:\/\/www.feuerwehr-hetlingen.de\/Blog\/wp-content\/uploads\/2008\/10\/SEPA-Einzugserm\u00e4chtigung-FF-Hetlingen.pdf\">Eine SEPA-Lastschrifterm\u00e4chtigung\u00a0finden Sie hier<\/a>.<\/p>\n<p>Weitere Informationen gibt Ihnen jeder Feuerwehrmann! Oder kontaktieren Sie uns per <a href=\"http:\/\/www.feuerwehr-hetlingen.de\/blog\/?page_id=2\" target=\"_blank\" rel=\"noopener\">Mail oder Telefon<\/a>.<\/p>\n","protected":false},"excerpt":{"rendered":"<p>Aktive Mitglieder Feuerwehr kennt jeder und jeder hat ein Bild dazu im Kopf, eine eigene Meinung. Feuerwehrfrauen und Feuerwehrm\u00e4nnern wird in Umfragen immer wieder ein&#8230; <a class=\"continue-reading-link\" href=\"https:\/\/www.feuerwehr-hetlingen.de\/Blog\/?page_id=235\">Mehr<\/a><\/p>\n","protected":false},"author":1,"featured_media":1547,"parent":237,"menu_order":2,"comment_status":"open","ping_status":"open","template":"","meta":{"footnotes":""},"class_list":["post-235","page","type-page","status-publish","has-post-thumbnail","hentry"],"_links":{"self":[{"href":"https:\/\/www.feuerwehr-hetlingen.de\/Blog\/index.php?rest_route=\/wp\/v2\/pages\/235","targetHints":{"allow":["GET"]}}],"collection":[{"href":"https:\/\/www.feuerwehr-hetlingen.de\/Blog\/index.php?rest_route=\/wp\/v2\/pages"}],"about":[{"href":"https:\/\/www.feuerwehr-hetlingen.de\/Blog\/index.php?rest_route=\/wp\/v2\/types\/page"}],"author":[{"embeddable":true,"href":"https:\/\/www.feuerwehr-hetlingen.de\/Blog\/index.php?rest_route=\/wp\/v2\/users\/1"}],"replies":[{"embeddable":true,"href":"https:\/\/www.feuerwehr-hetlingen.de\/Blog\/index.php?rest_route=%2Fwp%2Fv2%2Fcomments&post=235"}],"version-history":[{"count":15,"href":"https:\/\/www.feuerwehr-hetlingen.de\/Blog\/index.php?rest_route=\/wp\/v2\/pages\/235\/revisions"}],"predecessor-version":[{"id":3146,"href":"https:\/\/www.feuerwehr-hetlingen.de\/Blog\/index.php?rest_route=\/wp\/v2\/pages\/235\/revisions\/3146"}],"up":[{"embeddable":true,"href":"https:\/\/www.feuerwehr-hetlingen.de\/Blog\/index.php?rest_route=\/wp\/v2\/pages\/237"}],"wp:featuredmedia":[{"embeddable":true,"href":"https:\/\/www.feuerwehr-hetlingen.de\/Blog\/index.php?rest_route=\/wp\/v2\/media\/1547"}],"wp:attachment":[{"href":"https:\/\/www.feuerwehr-hetlingen.de\/Blog\/index.php?rest_route=%2Fwp%2Fv2%2Fmedia&parent=235"}],"curies":[{"name":"wp","href":"https:\/\/api.w.org\/{rel}","templated":true}]}}