{"id":242,"date":"2009-01-09T14:07:20","date_gmt":"2009-01-09T12:07:20","guid":{"rendered":"http:\/\/www.feuerwehr-hetlingen.de\/Blog\/?page_id=242"},"modified":"2026-01-13T21:02:34","modified_gmt":"2026-01-13T19:02:34","slug":"vorstand","status":"publish","type":"page","link":"https:\/\/www.feuerwehr-hetlingen.de\/Blog\/?page_id=242","title":{"rendered":"Vorstand"},"content":{"rendered":"<p>Wehrf\u00fchrer: Bj\u00f6rn Albert<\/p>\n<p>Stellv. Wehrf\u00fchrer: Thomas Sparr<\/p>\n<p>Kassenwart: Alexander Hansen<\/p>\n<p>Schriftwart: Wehrf\u00fchrung<\/p>\n<p>Gruppenf\u00fchrer: Christian Wrage, Kay Burgstaler<\/p>\n<p>Ger\u00e4tewart: Benjamin Mielke<\/p>\n<h4>Weitere gew\u00e4hlte Funktionen<\/h4>\n<p>Atemschutzger\u00e4tewart: Rolf Krepele<\/p>\n<p>Funkwart: Christian Wrage<\/p>\n<p>stellv. Gruppenf\u00fchrer: Nina K\u00f6rner, Finn J\u00f6rgensen<\/p>\n<p>stellv. Atemschutzger\u00e4tewart: Christin Heilborn<\/p>\n<p>stellv. Ger\u00e4tewart: Timo Strauch<\/p>\n<p>Brandschutzerzieher: Timo H\u00f6rburger, Kay Burgstaler<\/p>\n<p>Sicherheitsbeauftragter: Philipp Prehn<\/p>\n","protected":false},"excerpt":{"rendered":"<p>Wehrf\u00fchrer: Bj\u00f6rn Albert Stellv. Wehrf\u00fchrer: Thomas Sparr Kassenwart: Alexander Hansen Schriftwart: Wehrf\u00fchrung Gruppenf\u00fchrer: Christian Wrage, Kay Burgstaler Ger\u00e4tewart: Benjamin Mielke Weitere gew\u00e4hlte Funktionen Atemschutzger\u00e4tewart: Rolf&#8230; <a class=\"continue-reading-link\" href=\"https:\/\/www.feuerwehr-hetlingen.de\/Blog\/?page_id=242\">Mehr<\/a><\/p>\n","protected":false},"author":1,"featured_media":0,"parent":237,"menu_order":1,"comment_status":"open","ping_status":"open","template":"","meta":{"footnotes":""},"class_list":["post-242","page","type-page","status-publish","hentry"],"_links":{"self":[{"href":"https:\/\/www.feuerwehr-hetlingen.de\/Blog\/index.php?rest_route=\/wp\/v2\/pages\/242","targetHints":{"allow":["GET"]}}],"collection":[{"href":"https:\/\/www.feuerwehr-hetlingen.de\/Blog\/index.php?rest_route=\/wp\/v2\/pages"}],"about":[{"href":"https:\/\/www.feuerwehr-hetlingen.de\/Blog\/index.php?rest_route=\/wp\/v2\/types\/page"}],"author":[{"embeddable":true,"href":"https:\/\/www.feuerwehr-hetlingen.de\/Blog\/index.php?rest_route=\/wp\/v2\/users\/1"}],"replies":[{"embeddable":true,"href":"https:\/\/www.feuerwehr-hetlingen.de\/Blog\/index.php?rest_route=%2Fwp%2Fv2%2Fcomments&post=242"}],"version-history":[{"count":16,"href":"https:\/\/www.feuerwehr-hetlingen.de\/Blog\/index.php?rest_route=\/wp\/v2\/pages\/242\/revisions"}],"predecessor-version":[{"id":4321,"href":"https:\/\/www.feuerwehr-hetlingen.de\/Blog\/index.php?rest_route=\/wp\/v2\/pages\/242\/revisions\/4321"}],"up":[{"embeddable":true,"href":"https:\/\/www.feuerwehr-hetlingen.de\/Blog\/index.php?rest_route=\/wp\/v2\/pages\/237"}],"wp:attachment":[{"href":"https:\/\/www.feuerwehr-hetlingen.de\/Blog\/index.php?rest_route=%2Fwp%2Fv2%2Fmedia&parent=242"}],"curies":[{"name":"wp","href":"https:\/\/api.w.org\/{rel}","templated":true}]}}