{"id":3667,"date":"2023-07-09T10:57:34","date_gmt":"2023-07-09T08:57:34","guid":{"rendered":"https:\/\/www.feuerwehr-hetlingen.de\/Blog\/?page_id=3667"},"modified":"2023-08-25T09:46:45","modified_gmt":"2023-08-25T07:46:45","slug":"sicherheit-bei-gewitter","status":"publish","type":"page","link":"https:\/\/www.feuerwehr-hetlingen.de\/Blog\/?page_id=3667","title":{"rendered":"Sicherheit bei Gewitter"},"content":{"rendered":"<div class=\"wp-block-image\">\n<figure class=\"aligncenter size-full\"><a href=\"https:\/\/www.feuerwehr-hetlingen.de\/Blog\/wp-content\/uploads\/2023\/07\/warn_gewitter.png\"><img loading=\"lazy\" decoding=\"async\" width=\"356\" height=\"278\" src=\"https:\/\/www.feuerwehr-hetlingen.de\/Blog\/wp-content\/uploads\/2023\/07\/warn_gewitter.png\" alt=\"\" class=\"wp-image-3665\" srcset=\"https:\/\/www.feuerwehr-hetlingen.de\/Blog\/wp-content\/uploads\/2023\/07\/warn_gewitter.png 356w, https:\/\/www.feuerwehr-hetlingen.de\/Blog\/wp-content\/uploads\/2023\/07\/warn_gewitter-300x234.png 300w, https:\/\/www.feuerwehr-hetlingen.de\/Blog\/wp-content\/uploads\/2023\/07\/warn_gewitter-150x117.png 150w\" sizes=\"auto, (max-width: 356px) 100vw, 356px\" \/><\/a><\/figure>\n<\/div>\n\n\n<p><strong>Vorbereitung<\/strong><\/p>\n\n\n\n<ul class=\"has-background wp-block-list\" style=\"background:linear-gradient(135deg,rgba(255,0,0,0.14) 0%,rgba(199,0,0,0) 100%)\">\n<li>Sch\u00fctzen Sie Keller und Niederg\u00e4nge rechtzeitig vor eindringendem Wasser, wenn \u00dcberflutungsgefahr besteht. <\/li>\n\n\n\n<li>Achten Sie darauf, dass R\u00fcckschlagventile im Keller funktionsf\u00e4hig sind. <\/li>\n\n\n\n<li>Entfernen Sie Laub und Dreck aus Wassereinl\u00e4ufen wie Gullys oder Abflussrinnen. <\/li>\n\n\n\n<li>Sichern Sie Balkone und Terrassen so, dass M\u00f6bel oder Pflanzen nicht umhergewirbelt werden k\u00f6nnen. <\/li>\n<\/ul>\n\n\n\n<p><strong>W\u00e4hrend des Unwetters<\/strong><\/p>\n\n\n\n<ul class=\"has-background wp-block-list\" style=\"background:linear-gradient(135deg,rgba(255,0,0,0.14) 0%,rgba(207,45,45,0) 100%)\">\n<li>Ein festes Geb\u00e4ude ist der sicherste Platz bei einem Unwetter. Alternativ bietet auch ein geschlossenes Kraftfahrzeug Schutz. <\/li>\n\n\n\n<li>Verlassen Sie das Geb\u00e4ude nach M\u00f6glichkeit nicht w\u00e4hrend des Unwetters.<\/li>\n\n\n\n<li>Keinesfalls bei Gewitter im Wasser aufhalten.<\/li>\n\n\n\n<li>Wenn Sie im Freien von einem schweren Gewitter \u00fcberrascht werden, hocken Sie sich in eine Senke, einen Hohlweg oder unter eine Stahlbetonbr\u00fccke. Im dichten Wald hocken Sie sich ebenfalls hin &#8211; mindestens drei Meter von B\u00e4umen oder Astspitzen entfernt. <\/li>\n\n\n\n<li>Keinen vermeintlichen Schutz unter B\u00e4umen suchen. <\/li>\n\n\n\n<li>Meiden Sie einzeln stehende B\u00e4ume jeder Art, Masten, Metallz\u00e4une und andere Metallkonstruktionen. <\/li>\n\n\n\n<li>Metallgegenst\u00e4nde wie Werkzeuge, Sportger\u00e4te und \u00e4hnliches weglegen und sich davon entfernen. <\/li>\n\n\n\n<li>Durch kr\u00e4ftigen Regen oder Hagel kann im Stra\u00dfenverkehr die Sicht stark beeintr\u00e4chtigt werden. Passen Sie Ihre Fahrweise entsprechend an. <\/li>\n\n\n\n<li>Durch Hagel kann die Fahrbahn pl\u00f6tzlich glatt sein. Passen Sie Ihre Fahrweise daran an.<\/li>\n\n\n\n<li>Stra\u00dfen k\u00f6nnen durch das Wasser \u00fcberflutet und zeitweise unpassierbar werden. Beachten Sie hier die entsprechenden Anweisungen.<\/li>\n\n\n\n<li>An \u00fcberfluteten Fahrbahnstellen k\u00f6nnen Gullydeckel hochgesp\u00fclt sein. Die \u00d6ffnungen sind im Wasser nicht erkennbar. <\/li>\n\n\n\n<li>Warten Sie Unwetter mit Sturm und Hagel zun\u00e4chst auf einem Parkplatz oder am Stra\u00dfenrand auf einem baumfreien Abschnitt ab.<\/li>\n<\/ul>\n\n\n\n<p class=\"has-text-align-center\"><em>Bitte melden Sie Sch\u00e4den, von denen keine Gefahr ausgeht, erst nach Ende des Unwetters.<\/em><\/p>\n\n\n\n<p class=\"has-text-align-center has-white-color has-vivid-red-background-color has-text-color has-background has-medium-font-size\">Melden Sie Unf\u00e4lle und Br\u00e4nde sofort unter der europaweiten Notrufnummer <strong>112<\/strong>.<\/p>\n\n\n\n<p class=\"has-text-align-center\"><\/p>\n","protected":false},"excerpt":{"rendered":"<p>Vorbereitung W\u00e4hrend des Unwetters Bitte melden Sie Sch\u00e4den, von denen keine Gefahr ausgeht, erst nach Ende des Unwetters. Melden Sie Unf\u00e4lle und Br\u00e4nde sofort unter&#8230; <a class=\"continue-reading-link\" href=\"https:\/\/www.feuerwehr-hetlingen.de\/Blog\/?page_id=3667\">Mehr<\/a><\/p>\n","protected":false},"author":1,"featured_media":3665,"parent":0,"menu_order":0,"comment_status":"closed","ping_status":"closed","template":"","meta":{"footnotes":""},"class_list":["post-3667","page","type-page","status-publish","has-post-thumbnail","hentry"],"_links":{"self":[{"href":"https:\/\/www.feuerwehr-hetlingen.de\/Blog\/index.php?rest_route=\/wp\/v2\/pages\/3667","targetHints":{"allow":["GET"]}}],"collection":[{"href":"https:\/\/www.feuerwehr-hetlingen.de\/Blog\/index.php?rest_route=\/wp\/v2\/pages"}],"about":[{"href":"https:\/\/www.feuerwehr-hetlingen.de\/Blog\/index.php?rest_route=\/wp\/v2\/types\/page"}],"author":[{"embeddable":true,"href":"https:\/\/www.feuerwehr-hetlingen.de\/Blog\/index.php?rest_route=\/wp\/v2\/users\/1"}],"replies":[{"embeddable":true,"href":"https:\/\/www.feuerwehr-hetlingen.de\/Blog\/index.php?rest_route=%2Fwp%2Fv2%2Fcomments&post=3667"}],"version-history":[{"count":6,"href":"https:\/\/www.feuerwehr-hetlingen.de\/Blog\/index.php?rest_route=\/wp\/v2\/pages\/3667\/revisions"}],"predecessor-version":[{"id":3768,"href":"https:\/\/www.feuerwehr-hetlingen.de\/Blog\/index.php?rest_route=\/wp\/v2\/pages\/3667\/revisions\/3768"}],"wp:featuredmedia":[{"embeddable":true,"href":"https:\/\/www.feuerwehr-hetlingen.de\/Blog\/index.php?rest_route=\/wp\/v2\/media\/3665"}],"wp:attachment":[{"href":"https:\/\/www.feuerwehr-hetlingen.de\/Blog\/index.php?rest_route=%2Fwp%2Fv2%2Fmedia&parent=3667"}],"curies":[{"name":"wp","href":"https:\/\/api.w.org\/{rel}","templated":true}]}}